{"id":12,"date":"2023-03-16T13:11:10","date_gmt":"2023-03-16T13:11:10","guid":{"rendered":"http:\/\/blasberg.art\/?page_id=12"},"modified":"2023-05-10T11:07:47","modified_gmt":"2023-05-10T11:07:47","slug":"about","status":"publish","type":"page","link":"https:\/\/blasberg.art\/es\/","title":{"rendered":"inicio"},"content":{"rendered":"<div data-elementor-type=\"wp-page\" data-elementor-id=\"12\" class=\"elementor elementor-12\">\n\t\t\t\t\t\t<section class=\"elementor-section elementor-top-section elementor-element elementor-element-405bd57 elementor-section-full_width elementor-section-content-space-evenly elementor-section-height-default elementor-section-height-default\" data-id=\"405bd57\" data-element_type=\"section\" data-e-type=\"section\">\n\t\t\t\t\t\t<div class=\"elementor-container elementor-column-gap-extended\">\n\t\t\t\t\t<div class=\"elementor-column elementor-col-100 elementor-top-column elementor-element elementor-element-2c07485\" data-id=\"2c07485\" data-element_type=\"column\" data-e-type=\"column\">\n\t\t\t<div class=\"elementor-widget-wrap elementor-element-populated\">\n\t\t\t\t\t\t<div class=\"elementor-element elementor-element-e66ea12 animated-slow elementor-widget elementor-widget-image-carousel\" data-id=\"e66ea12\" data-element_type=\"widget\" data-e-type=\"widget\" data-settings=\"{&quot;slides_to_show&quot;:&quot;1&quot;,&quot;navigation&quot;:&quot;none&quot;,&quot;_animation&quot;:&quot;none&quot;,&quot;autoplay_speed&quot;:4000,&quot;effect&quot;:&quot;fade&quot;,&quot;speed&quot;:2000,&quot;autoplay&quot;:&quot;yes&quot;,&quot;pause_on_hover&quot;:&quot;yes&quot;,&quot;pause_on_interaction&quot;:&quot;yes&quot;,&quot;infinite&quot;:&quot;yes&quot;}\" data-widget_type=\"image-carousel.default\">\n\t\t\t\t<div class=\"elementor-widget-container\">\n\t\t\t\t\t\t\t<div class=\"elementor-image-carousel-wrapper swiper\" role=\"region\" aria-roledescription=\"carousel\" aria-label=\"Image Carousel\" dir=\"ltr\">\n\t\t\t<div class=\"elementor-image-carousel swiper-wrapper\" aria-live=\"off\">\n\t\t\t\t\t\t\t\t<div class=\"swiper-slide\" role=\"group\" aria-roledescription=\"slide\" aria-label=\"1 of 8\"><figure class=\"swiper-slide-inner\"><img decoding=\"async\" class=\"swiper-slide-image\" src=\"https:\/\/blasberg.art\/wp-content\/uploads\/2023\/03\/Rembrandt_18-768x1072.jpg\" alt=\"Acrylic and pastel oil on paper. 21 x 30 cm.  \u00a9 2023\" \/><\/figure><\/div><div class=\"swiper-slide\" role=\"group\" aria-roledescription=\"slide\" aria-label=\"2 of 8\"><figure class=\"swiper-slide-inner\"><img decoding=\"async\" class=\"swiper-slide-image\" src=\"https:\/\/blasberg.art\/wp-content\/uploads\/2023\/03\/Rembrandt_17.jpg\" alt=\"Acrylic and pastel oil on paper. 21 x 30 cm.  \u00a9 2023\" \/><\/figure><\/div><div class=\"swiper-slide\" role=\"group\" aria-roledescription=\"slide\" aria-label=\"3 of 8\"><figure class=\"swiper-slide-inner\"><img decoding=\"async\" class=\"swiper-slide-image\" src=\"https:\/\/blasberg.art\/wp-content\/uploads\/2023\/03\/PAISAJE-INTERIOR-N\u00b0-1-768x1083.jpeg\" alt=\"Acrylic and pastel oil on wood. 35 x 45 cm.  \u00a9 2020\" \/><\/figure><\/div><div class=\"swiper-slide\" role=\"group\" aria-roledescription=\"slide\" aria-label=\"4 of 8\"><figure class=\"swiper-slide-inner\"><img decoding=\"async\" class=\"swiper-slide-image\" src=\"https:\/\/blasberg.art\/wp-content\/uploads\/2023\/03\/Rembrandt_15.jpg\" alt=\"Acrylic and pastel oil on paper. 21 x 30 cm.  \u00a9 2023\" \/><\/figure><\/div><div class=\"swiper-slide\" role=\"group\" aria-roledescription=\"slide\" aria-label=\"5 of 8\"><figure class=\"swiper-slide-inner\"><img decoding=\"async\" class=\"swiper-slide-image\" src=\"https:\/\/blasberg.art\/wp-content\/uploads\/2023\/03\/ABSTRACCION-FRIA-N\u00b02.jpg\" alt=\"Acrylic and pastel oil on wood. 35 x 45 cm.  \u00a9 2020\" \/><\/figure><\/div><div class=\"swiper-slide\" role=\"group\" aria-roledescription=\"slide\" aria-label=\"6 of 8\"><figure class=\"swiper-slide-inner\"><img decoding=\"async\" class=\"swiper-slide-image\" src=\"https:\/\/blasberg.art\/wp-content\/uploads\/2023\/03\/ABSTRACCION-FIGURATIVA-N\u00b02-768x1070.jpg\" alt=\"Acrylic and pastel oil on wood. 35 x 45 cm.  \u00a9 2020\" \/><\/figure><\/div><div class=\"swiper-slide\" role=\"group\" aria-roledescription=\"slide\" aria-label=\"7 of 8\"><figure class=\"swiper-slide-inner\"><img decoding=\"async\" class=\"swiper-slide-image\" src=\"https:\/\/blasberg.art\/wp-content\/uploads\/2023\/03\/ABSTRACCION-BROWN-768x1069.jpg\" alt=\"Acrylic and pastel oil on wood. 35 x 45 cm.  \u00a9 2020\" \/><\/figure><\/div><div class=\"swiper-slide\" role=\"group\" aria-roledescription=\"slide\" aria-label=\"8 of 8\"><figure class=\"swiper-slide-inner\"><img decoding=\"async\" class=\"swiper-slide-image\" src=\"https:\/\/blasberg.art\/wp-content\/uploads\/2023\/03\/ABSTRACCION-FRIA-N\u00b03-768x1070.jpg\" alt=\"Acrylic and pastel oil on wood. 35 x 45 cm.  \u00a9 2020\" \/><\/figure><\/div>\t\t\t<\/div>\n\t\t\t\t\t\t\t\n\t\t\t\t\t\t\t\t\t<\/div>\n\t\t\t\t\t\t<\/div>\n\t\t\t\t<\/div>\n\t\t\t\t\t<\/div>\n\t\t<\/div>\n\t\t\t\t\t<\/div>\n\t\t<\/section>\n\t\t\t\t<section class=\"elementor-section elementor-top-section elementor-element elementor-element-2fcce7ae elementor-section-boxed elementor-section-height-default elementor-section-height-default\" data-id=\"2fcce7ae\" data-element_type=\"section\" data-e-type=\"section\">\n\t\t\t\t\t\t<div class=\"elementor-container elementor-column-gap-default\">\n\t\t\t\t\t<div class=\"elementor-column elementor-col-100 elementor-top-column elementor-element elementor-element-43d73195\" data-id=\"43d73195\" data-element_type=\"column\" data-e-type=\"column\">\n\t\t\t<div class=\"elementor-widget-wrap elementor-element-populated\">\n\t\t\t\t\t\t<div class=\"elementor-element elementor-element-597d2870 elementor-widget elementor-widget-text-editor\" data-id=\"597d2870\" data-element_type=\"widget\" data-e-type=\"widget\" data-widget_type=\"text-editor.default\">\n\t\t\t\t<div class=\"elementor-widget-container\">\n\t\t\t\t\t\t\t\t\t<p><\/p>\t\t\t\t\t\t\t\t<\/div>\n\t\t\t\t<\/div>\n\t\t\t\t\t<\/div>\n\t\t<\/div>\n\t\t\t\t\t<\/div>\n\t\t<\/section>\n\t\t\t\t<section class=\"elementor-section elementor-top-section elementor-element elementor-element-4377cb7 elementor-section-boxed elementor-section-height-default elementor-section-height-default\" data-id=\"4377cb7\" data-element_type=\"section\" data-e-type=\"section\">\n\t\t\t\t\t\t<div class=\"elementor-container elementor-column-gap-default\">\n\t\t\t\t\t<div class=\"elementor-column elementor-col-100 elementor-top-column elementor-element elementor-element-92bf363\" data-id=\"92bf363\" data-element_type=\"column\" data-e-type=\"column\">\n\t\t\t<div class=\"elementor-widget-wrap elementor-element-populated\">\n\t\t\t\t\t\t<div class=\"elementor-element elementor-element-b877ebd elementor-widget elementor-widget-image\" data-id=\"b877ebd\" data-element_type=\"widget\" data-e-type=\"widget\" data-widget_type=\"image.default\">\n\t\t\t\t<div class=\"elementor-widget-container\">\n\t\t\t\t\t\t\t\t\t\t\t\t<figure class=\"wp-caption\">\n\t\t\t\t\t\t\t\t\t\t<img fetchpriority=\"high\" decoding=\"async\" width=\"1024\" height=\"508\" src=\"https:\/\/blasberg.art\/wp-content\/uploads\/2023\/03\/perfil1-1024x508.jpg\" class=\"attachment-large size-large wp-image-38\" alt=\"Pablo Blasberg\" srcset=\"https:\/\/blasberg.art\/wp-content\/uploads\/2023\/03\/perfil1-1024x508.jpg 1024w, https:\/\/blasberg.art\/wp-content\/uploads\/2023\/03\/perfil1-300x149.jpg 300w, https:\/\/blasberg.art\/wp-content\/uploads\/2023\/03\/perfil1-768x381.jpg 768w, https:\/\/blasberg.art\/wp-content\/uploads\/2023\/03\/perfil1.jpg 1128w\" sizes=\"(max-width: 1024px) 100vw, 1024px\" \/>\t\t\t\t\t\t\t\t\t\t\t<figcaption class=\"widget-image-caption wp-caption-text\">ph: pablo blasberg \u00a9 2023<\/figcaption>\n\t\t\t\t\t\t\t\t\t\t<\/figure>\n\t\t\t\t\t\t\t\t\t<\/div>\n\t\t\t\t<\/div>\n\t\t\t\t\t<\/div>\n\t\t<\/div>\n\t\t\t\t\t<\/div>\n\t\t<\/section>\n\t\t\t\t<section class=\"elementor-section elementor-top-section elementor-element elementor-element-badd0e8 elementor-section-boxed elementor-section-height-default elementor-section-height-default\" data-id=\"badd0e8\" data-element_type=\"section\" data-e-type=\"section\">\n\t\t\t\t\t\t<div class=\"elementor-container elementor-column-gap-default\">\n\t\t\t\t\t<div class=\"elementor-column elementor-col-100 elementor-top-column elementor-element elementor-element-ba66b4f\" data-id=\"ba66b4f\" data-element_type=\"column\" data-e-type=\"column\">\n\t\t\t<div class=\"elementor-widget-wrap elementor-element-populated\">\n\t\t\t\t\t\t<div class=\"elementor-element elementor-element-4f51fbe elementor-widget elementor-widget-text-editor\" data-id=\"4f51fbe\" data-element_type=\"widget\" data-e-type=\"widget\" data-widget_type=\"text-editor.default\">\n\t\t\t\t<div class=\"elementor-widget-container\">\n\t\t\t\t\t\t\t\t\t<h6><span style=\"font-weight: normal;\"><span style=\"background-color: var(--ast-global-color-5); color: #000000; font-family: var( --e-global-typography-text-font-family ), Sans-serif; font-size: 16px;\">Esta exposici\u00f3n re\u00fane una colecci\u00f3n de obras abstractas que Pablo ha creado en los \u00faltimos tres a\u00f1os. Cada pieza destaca por su innovador uso del color, la textura y la forma, creando un efecto visualmente impactante. Su obra a evolucionado naturalmente para llegar a la abstracci\u00f3n, desarrollando su propio estilo y t\u00e9cnica en este nuevo territorio.<\/span><\/span><\/h6>\t\t\t\t\t\t\t\t<\/div>\n\t\t\t\t<\/div>\n\t\t\t\t\t<\/div>\n\t\t<\/div>\n\t\t\t\t\t<\/div>\n\t\t<\/section>\n\t\t\t\t<section class=\"elementor-section elementor-top-section elementor-element elementor-element-f67e397 elementor-section-boxed elementor-section-height-default elementor-section-height-default\" data-id=\"f67e397\" data-element_type=\"section\" data-e-type=\"section\">\n\t\t\t\t\t\t<div class=\"elementor-container elementor-column-gap-default\">\n\t\t\t\t\t<div class=\"elementor-column elementor-col-100 elementor-top-column elementor-element elementor-element-faa0228\" data-id=\"faa0228\" data-element_type=\"column\" data-e-type=\"column\">\n\t\t\t<div class=\"elementor-widget-wrap elementor-element-populated\">\n\t\t\t\t\t\t<div class=\"elementor-element elementor-element-8885ca3 elementor-widget elementor-widget-image\" data-id=\"8885ca3\" data-element_type=\"widget\" data-e-type=\"widget\" data-widget_type=\"image.default\">\n\t\t\t\t<div class=\"elementor-widget-container\">\n\t\t\t\t\t\t\t\t\t\t\t\t<figure class=\"wp-caption\">\n\t\t\t\t\t\t\t\t\t\t<img decoding=\"async\" width=\"1024\" height=\"508\" src=\"https:\/\/blasberg.art\/wp-content\/uploads\/2023\/03\/perfil-2-1024x508.jpg\" class=\"attachment-large size-large wp-image-283\" alt=\"\" srcset=\"https:\/\/blasberg.art\/wp-content\/uploads\/2023\/03\/perfil-2-1024x508.jpg 1024w, https:\/\/blasberg.art\/wp-content\/uploads\/2023\/03\/perfil-2-300x149.jpg 300w, https:\/\/blasberg.art\/wp-content\/uploads\/2023\/03\/perfil-2-768x381.jpg 768w, https:\/\/blasberg.art\/wp-content\/uploads\/2023\/03\/perfil-2-500x248.jpg 500w, https:\/\/blasberg.art\/wp-content\/uploads\/2023\/03\/perfil-2-800x397.jpg 800w, https:\/\/blasberg.art\/wp-content\/uploads\/2023\/03\/perfil-2.jpg 1128w\" sizes=\"(max-width: 1024px) 100vw, 1024px\" \/>\t\t\t\t\t\t\t\t\t\t\t<figcaption class=\"widget-image-caption wp-caption-text\">ph: karina vola @karinavolar<\/figcaption>\n\t\t\t\t\t\t\t\t\t\t<\/figure>\n\t\t\t\t\t\t\t\t\t<\/div>\n\t\t\t\t<\/div>\n\t\t\t\t\t<\/div>\n\t\t<\/div>\n\t\t\t\t\t<\/div>\n\t\t<\/section>\n\t\t\t\t<section class=\"elementor-section elementor-top-section elementor-element elementor-element-54c94f2 elementor-section-boxed elementor-section-height-default elementor-section-height-default\" data-id=\"54c94f2\" data-element_type=\"section\" data-e-type=\"section\">\n\t\t\t\t\t\t<div class=\"elementor-container elementor-column-gap-default\">\n\t\t\t\t\t<div class=\"elementor-column elementor-col-100 elementor-top-column elementor-element elementor-element-b281abb\" data-id=\"b281abb\" data-element_type=\"column\" data-e-type=\"column\">\n\t\t\t<div class=\"elementor-widget-wrap elementor-element-populated\">\n\t\t\t\t\t\t<div class=\"elementor-element elementor-element-4615c17 elementor-widget elementor-widget-text-editor\" data-id=\"4615c17\" data-element_type=\"widget\" data-e-type=\"widget\" data-widget_type=\"text-editor.default\">\n\t\t\t\t<div class=\"elementor-widget-container\">\n\t\t\t\t\t\t\t\t\t<h6><span style=\"font-weight: normal;\"><span style=\"background-color: var(--ast-global-color-5); color: #000000; font-family: var( --e-global-typography-text-font-family ), Sans-serif; font-size: 16px;\">M\u00e1s all\u00e1 de su reputaci\u00f3n como ilustrador period\u00edstico, esta exposici\u00f3n muestra la capacidad de Pablo para crear obras abstractas que exploran emociones y sensaciones que incluyen unas pocas huellas de la figuraci\u00f3n.<\/span><\/span><\/h6>\t\t\t\t\t\t\t\t<\/div>\n\t\t\t\t<\/div>\n\t\t\t\t\t<\/div>\n\t\t<\/div>\n\t\t\t\t\t<\/div>\n\t\t<\/section>\n\t\t\t\t<section class=\"elementor-section elementor-top-section elementor-element elementor-element-0dfc196 elementor-section-boxed elementor-section-height-default elementor-section-height-default\" data-id=\"0dfc196\" data-element_type=\"section\" data-e-type=\"section\">\n\t\t\t\t\t\t<div class=\"elementor-container elementor-column-gap-default\">\n\t\t\t\t\t<div class=\"elementor-column elementor-col-100 elementor-top-column elementor-element elementor-element-67292fa\" data-id=\"67292fa\" data-element_type=\"column\" data-e-type=\"column\">\n\t\t\t<div class=\"elementor-widget-wrap elementor-element-populated\">\n\t\t\t\t\t\t<div class=\"elementor-element elementor-element-d508ea2 elementor-widget elementor-widget-image\" data-id=\"d508ea2\" data-element_type=\"widget\" data-e-type=\"widget\" data-widget_type=\"image.default\">\n\t\t\t\t<div class=\"elementor-widget-container\">\n\t\t\t\t\t\t\t\t\t\t\t\t\t\t\t<img decoding=\"async\" width=\"1024\" height=\"508\" src=\"https:\/\/blasberg.art\/wp-content\/uploads\/2023\/04\/expo-01-1-1024x508.jpg\" class=\"attachment-large size-large wp-image-504\" alt=\"\" srcset=\"https:\/\/blasberg.art\/wp-content\/uploads\/2023\/04\/expo-01-1-1024x508.jpg 1024w, https:\/\/blasberg.art\/wp-content\/uploads\/2023\/04\/expo-01-1-300x149.jpg 300w, https:\/\/blasberg.art\/wp-content\/uploads\/2023\/04\/expo-01-1-768x381.jpg 768w, https:\/\/blasberg.art\/wp-content\/uploads\/2023\/04\/expo-01-1-500x248.jpg 500w, https:\/\/blasberg.art\/wp-content\/uploads\/2023\/04\/expo-01-1-800x397.jpg 800w, https:\/\/blasberg.art\/wp-content\/uploads\/2023\/04\/expo-01-1.jpg 1128w\" sizes=\"(max-width: 1024px) 100vw, 1024px\" \/>\t\t\t\t\t\t\t\t\t\t\t\t\t\t\t<\/div>\n\t\t\t\t<\/div>\n\t\t\t\t\t<\/div>\n\t\t<\/div>\n\t\t\t\t\t<\/div>\n\t\t<\/section>\n\t\t\t\t<section class=\"elementor-section elementor-top-section elementor-element elementor-element-14701e4 elementor-section-boxed elementor-section-height-default elementor-section-height-default\" data-id=\"14701e4\" data-element_type=\"section\" data-e-type=\"section\">\n\t\t\t\t\t\t<div class=\"elementor-container elementor-column-gap-default\">\n\t\t\t\t\t<div class=\"elementor-column elementor-col-100 elementor-top-column elementor-element elementor-element-488ec87\" data-id=\"488ec87\" data-element_type=\"column\" data-e-type=\"column\">\n\t\t\t<div class=\"elementor-widget-wrap elementor-element-populated\">\n\t\t\t\t\t\t<div class=\"elementor-element elementor-element-93410c3 elementor-widget elementor-widget-text-editor\" data-id=\"93410c3\" data-element_type=\"widget\" data-e-type=\"widget\" data-widget_type=\"text-editor.default\">\n\t\t\t\t<div class=\"elementor-widget-container\">\n\t\t\t\t\t\t\t\t\t<p><span style=\"font-weight: 400;\"><em><strong>\"La obra de Pablo Blasberg es vida. Dialoga el color, la textura y el trazo en movimiento lento, burbujeante, evolutivo. Zigzagueos del verde caprichoso. Vuelos intensos, azules, celeste turquesa y ocres tormentosos furiosos escurridizos. Paseos por los grises \u00e1speros e inmediatamente el brote fresco, de transparente jade. L\u00edneas casta\u00f1as y canelas en alud precipitado de blancos crudos. Mediterr\u00e1neos espejados cristalinos, lejanos, solitarios. Es textil suave, tibio, tranquilo. Trama surgente, enredada violenta pero aterciopelada que se esfuma en fieltros esponjosos. Aromas lilas y dulces. Naranjas y rojos danzantes, quemaz\u00f3n y ardor. Es paso y es huella: la de un artista que imprime en l\u00edneas negras y blancas su r\u00fabrica, su narraci\u00f3n de viajero por dos mundos de la verdad a la ficci\u00f3n, de la figuraci\u00f3n a la abstracci\u00f3n\"<\/strong>\u00a0 \u00a0<\/em>(2023 \u00a9 Texto de Gabi Bourdieu)<\/span><\/p>\t\t\t\t\t\t\t\t<\/div>\n\t\t\t\t<\/div>\n\t\t\t\t\t<\/div>\n\t\t<\/div>\n\t\t\t\t\t<\/div>\n\t\t<\/section>\n\t\t\t\t<\/div>","protected":false},"excerpt":{"rendered":"<p>ph: pablo blasberg \u00a9 2023 This exhibition brings together a collection of abstract works that Pablo has created over the past three years. Each piece stands out for its innovative use of color, texture, and form, creating a visually stunning effect. It&#8217;s fascinating to see how the artist has evolved from figuration to abstraction, developing [&hellip;]<\/p>\n","protected":false},"author":2,"featured_media":0,"parent":0,"menu_order":0,"comment_status":"closed","ping_status":"closed","template":"","meta":{"site-sidebar-layout":"no-sidebar","site-content-layout":"","ast-site-content-layout":"default","site-content-style":"default","site-sidebar-style":"default","ast-global-header-display":"","ast-banner-title-visibility":"","ast-main-header-display":"","ast-hfb-above-header-display":"","ast-hfb-below-header-display":"","ast-hfb-mobile-header-display":"","site-post-title":"disabled","ast-breadcrumbs-content":"","ast-featured-img":"","footer-sml-layout":"","ast-disable-related-posts":"","theme-transparent-header-meta":"","adv-header-id-meta":"","stick-header-meta":"","header-above-stick-meta":"","header-main-stick-meta":"","header-below-stick-meta":"","astra-migrate-meta-layouts":"default","ast-page-background-enabled":"default","ast-page-background-meta":{"desktop":{"background-color":"var(--ast-global-color-4)","background-image":"","background-repeat":"repeat","background-position":"center center","background-size":"auto","background-attachment":"scroll","background-type":"","background-media":"","overlay-type":"","overlay-color":"","overlay-opacity":"","overlay-gradient":""},"tablet":{"background-color":"","background-image":"","background-repeat":"repeat","background-position":"center center","background-size":"auto","background-attachment":"scroll","background-type":"","background-media":"","overlay-type":"","overlay-color":"","overlay-opacity":"","overlay-gradient":""},"mobile":{"background-color":"","background-image":"","background-repeat":"repeat","background-position":"center center","background-size":"auto","background-attachment":"scroll","background-type":"","background-media":"","overlay-type":"","overlay-color":"","overlay-opacity":"","overlay-gradient":""}},"ast-content-background-meta":{"desktop":{"background-color":"var(--ast-global-color-5)","background-image":"","background-repeat":"repeat","background-position":"center center","background-size":"auto","background-attachment":"scroll","background-type":"","background-media":"","overlay-type":"","overlay-color":"","overlay-opacity":"","overlay-gradient":""},"tablet":{"background-color":"var(--ast-global-color-5)","background-image":"","background-repeat":"repeat","background-position":"center center","background-size":"auto","background-attachment":"scroll","background-type":"","background-media":"","overlay-type":"","overlay-color":"","overlay-opacity":"","overlay-gradient":""},"mobile":{"background-color":"var(--ast-global-color-5)","background-image":"","background-repeat":"repeat","background-position":"center center","background-size":"auto","background-attachment":"scroll","background-type":"","background-media":"","overlay-type":"","overlay-color":"","overlay-opacity":"","overlay-gradient":""}},"_vp_format_video_url":"","_vp_image_focal_point":[],"footnotes":""},"class_list":["post-12","page","type-page","status-publish","hentry"],"_links":{"self":[{"href":"https:\/\/blasberg.art\/es\/wp-json\/wp\/v2\/pages\/12","targetHints":{"allow":["GET"]}}],"collection":[{"href":"https:\/\/blasberg.art\/es\/wp-json\/wp\/v2\/pages"}],"about":[{"href":"https:\/\/blasberg.art\/es\/wp-json\/wp\/v2\/types\/page"}],"author":[{"embeddable":true,"href":"https:\/\/blasberg.art\/es\/wp-json\/wp\/v2\/users\/2"}],"replies":[{"embeddable":true,"href":"https:\/\/blasberg.art\/es\/wp-json\/wp\/v2\/comments?post=12"}],"version-history":[{"count":158,"href":"https:\/\/blasberg.art\/es\/wp-json\/wp\/v2\/pages\/12\/revisions"}],"predecessor-version":[{"id":529,"href":"https:\/\/blasberg.art\/es\/wp-json\/wp\/v2\/pages\/12\/revisions\/529"}],"wp:attachment":[{"href":"https:\/\/blasberg.art\/es\/wp-json\/wp\/v2\/media?parent=12"}],"curies":[{"name":"wp","href":"https:\/\/api.w.org\/{rel}","templated":true}]}}