{"id":356,"date":"2023-03-22T10:48:44","date_gmt":"2023-03-22T10:48:44","guid":{"rendered":"http:\/\/blasberg.art\/?page_id=356"},"modified":"2023-07-17T00:33:12","modified_gmt":"2023-07-17T00:33:12","slug":"bio","status":"publish","type":"page","link":"https:\/\/blasberg.art\/es\/about\/bio\/","title":{"rendered":"bio"},"content":{"rendered":"<div data-elementor-type=\"wp-page\" data-elementor-id=\"356\" class=\"elementor elementor-356\">\n\t\t\t\t\t\t<section class=\"elementor-section elementor-top-section elementor-element elementor-element-41ee9da elementor-section-boxed elementor-section-height-default elementor-section-height-default\" data-id=\"41ee9da\" data-element_type=\"section\" data-e-type=\"section\">\n\t\t\t\t\t\t<div class=\"elementor-container elementor-column-gap-default\">\n\t\t\t\t\t<div class=\"elementor-column elementor-col-100 elementor-top-column elementor-element elementor-element-26a7605\" data-id=\"26a7605\" data-element_type=\"column\" data-e-type=\"column\">\n\t\t\t<div class=\"elementor-widget-wrap elementor-element-populated\">\n\t\t\t\t\t\t<div class=\"elementor-element elementor-element-ec51d59 elementor-widget elementor-widget-image\" data-id=\"ec51d59\" data-element_type=\"widget\" data-e-type=\"widget\" data-widget_type=\"image.default\">\n\t\t\t\t<div class=\"elementor-widget-container\">\n\t\t\t\t\t\t\t\t\t\t\t\t<figure class=\"wp-caption\">\n\t\t\t\t\t\t\t\t\t\t<img fetchpriority=\"high\" decoding=\"async\" width=\"1024\" height=\"533\" src=\"https:\/\/blasberg.art\/wp-content\/uploads\/2023\/07\/pablo-blasberg-perfil-02-1024x533.jpg\" class=\"attachment-large size-large wp-image-539\" alt=\"pablo blasberg\u00b4s portrait by karina vola\" srcset=\"https:\/\/blasberg.art\/wp-content\/uploads\/2023\/07\/pablo-blasberg-perfil-02-1024x533.jpg 1024w, https:\/\/blasberg.art\/wp-content\/uploads\/2023\/07\/pablo-blasberg-perfil-02-300x156.jpg 300w, https:\/\/blasberg.art\/wp-content\/uploads\/2023\/07\/pablo-blasberg-perfil-02-768x400.jpg 768w, https:\/\/blasberg.art\/wp-content\/uploads\/2023\/07\/pablo-blasberg-perfil-02-18x9.jpg 18w, https:\/\/blasberg.art\/wp-content\/uploads\/2023\/07\/pablo-blasberg-perfil-02-500x260.jpg 500w, https:\/\/blasberg.art\/wp-content\/uploads\/2023\/07\/pablo-blasberg-perfil-02-800x416.jpg 800w, https:\/\/blasberg.art\/wp-content\/uploads\/2023\/07\/pablo-blasberg-perfil-02-1280x666.jpg 1280w, https:\/\/blasberg.art\/wp-content\/uploads\/2023\/07\/pablo-blasberg-perfil-02.jpg 1347w\" sizes=\"(max-width: 1024px) 100vw, 1024px\" \/>\t\t\t\t\t\t\t\t\t\t\t<figcaption class=\"widget-image-caption wp-caption-text\">ph: karina vola @karinavolar<\/figcaption>\n\t\t\t\t\t\t\t\t\t\t<\/figure>\n\t\t\t\t\t\t\t\t\t<\/div>\n\t\t\t\t<\/div>\n\t\t\t\t<div class=\"elementor-element elementor-element-3ca6794 elementor-widget elementor-widget-text-editor\" data-id=\"3ca6794\" data-element_type=\"widget\" data-e-type=\"widget\" data-widget_type=\"text-editor.default\">\n\t\t\t\t<div class=\"elementor-widget-container\">\n\t\t\t\t\t\t\t\t\t<p>Pablo Blasberg naci\u00f3 en Buenos Aires en 1970. En su adolescencia estudi\u00f3 pintura con Naum Goijman, y dibujo con Carlos Garaycochea. A los 16 a\u00f1os empez\u00f3 a publicar sus primeros trabajos como ilustrador, y a los 18 se incorpor\u00f3 al diario Clar\u00edn como dibujante. Durante una d\u00e9cada trabaj\u00f3 en la redacci\u00f3n de los peri\u00f3dicos de mayor tirada de Argentina: Clar\u00edn (1988 \/ 1993) y La Naci\u00f3n (1993 \/ 1998), ilustrando las noticias diarias.<\/p>\n<p>En 1998 se instal\u00f3 en Madrid, y desde all\u00ed comenz\u00f3 a publicar su obra en Europa, tanto en peri\u00f3dicos como en revistas y libros. Fue colaborador permanente de los diarios espa\u00f1oles El Mundo, El Pa\u00eds y ABC.<\/p>\n<p>En 2004 regres\u00f3 a la Argentina, desde donde continu\u00f3 publicando su obra internacionalmente a trav\u00e9s de la agencia inglesa Ikon-Images. Entre 2005 y 2015 ilustr\u00f3 el cuerpo principal del Diario Clar\u00edn. Entre 2009 y 2019 ilustr\u00f3 la p\u00e1gina editorial diaria de El Diario de la Rep\u00fablica. Entre 2011 y 2015 escribi\u00f3 y dibuj\u00f3 la historieta de humor gr\u00e1fico \"Barman, el mozo\", en el Diario Muy del grupo Clar\u00edn.<\/p>\n<p>En el \u00e1mbito docente, ha escrito m\u00e1s de 300 art\u00edculos period\u00edsticos en las revistas Macworld, Personal Computer, PC Today y ComputerHoy sobre t\u00e9cnicas de dise\u00f1o e ilustraci\u00f3n digital. Imparte conferencias y formaciones en universidades y empresas de todo el pa\u00eds. Actualmente es ilustrador y Jefe de Infograf\u00eda de la Agencia Nacional de Noticias T\u00e9lam.<\/p>\n<p>Desde el a\u00f1o 2000 desarrolla una obra pl\u00e1stica en paralelo a su trabajo como ilustrador. Ha asistido a los talleres de los maestros <a href=\"https:\/\/artedelaargentina.com\/disciplinas\/artista\/pintura\/carlos-ernesto-uria\">Carlos Ur\u00eda<\/a>, <a href=\"https:\/\/www.fernandooconnor.com\/\">Fernando O&#8217;Connor<\/a>, <a href=\"https:\/\/www.galeriaisabelanchorena.com\/?p=271\">Miguel Ronsino<\/a>\u00a0y\u00a0<a href=\"https:\/\/www.smartgalleryba.com\/juan-astica\">Juan Astica<\/a>.<\/p>\t\t\t\t\t\t\t\t<\/div>\n\t\t\t\t<\/div>\n\t\t\t\t\t<\/div>\n\t\t<\/div>\n\t\t\t\t\t<\/div>\n\t\t<\/section>\n\t\t\t\t<section class=\"elementor-section elementor-top-section elementor-element elementor-element-ea5cf4f elementor-section-boxed elementor-section-height-default elementor-section-height-default\" data-id=\"ea5cf4f\" data-element_type=\"section\" data-e-type=\"section\">\n\t\t\t\t\t\t<div class=\"elementor-container elementor-column-gap-default\">\n\t\t\t\t\t<div class=\"elementor-column elementor-col-100 elementor-top-column elementor-element elementor-element-5ec7668\" data-id=\"5ec7668\" data-element_type=\"column\" data-e-type=\"column\">\n\t\t\t<div class=\"elementor-widget-wrap elementor-element-populated\">\n\t\t\t\t\t\t<div class=\"elementor-element elementor-element-e9ea106 elementor-widget elementor-widget-heading\" data-id=\"e9ea106\" data-element_type=\"widget\" data-e-type=\"widget\" data-widget_type=\"heading.default\">\n\t\t\t\t<div class=\"elementor-widget-container\">\n\t\t\t\t\t<h1 class=\"elementor-heading-title elementor-size-large\">premios<\/h1>\t\t\t\t<\/div>\n\t\t\t\t<\/div>\n\t\t\t\t\t<\/div>\n\t\t<\/div>\n\t\t\t\t\t<\/div>\n\t\t<\/section>\n\t\t\t\t<section class=\"elementor-section elementor-top-section elementor-element elementor-element-4d8cb520 elementor-section-boxed elementor-section-height-default elementor-section-height-default\" data-id=\"4d8cb520\" data-element_type=\"section\" data-e-type=\"section\">\n\t\t\t\t\t\t<div class=\"elementor-container elementor-column-gap-default\">\n\t\t\t\t\t<div class=\"elementor-column elementor-col-100 elementor-top-column elementor-element elementor-element-78beb294\" data-id=\"78beb294\" data-element_type=\"column\" data-e-type=\"column\">\n\t\t\t<div class=\"elementor-widget-wrap elementor-element-populated\">\n\t\t\t\t\t\t<div class=\"elementor-element elementor-element-58abe23b elementor-widget elementor-widget-text-editor\" data-id=\"58abe23b\" data-element_type=\"widget\" data-e-type=\"widget\" data-widget_type=\"text-editor.default\">\n\t\t\t\t<div class=\"elementor-widget-container\">\n\t\t\t\t\t\t\t\t\t\n<ul class=\"wp-block-list\">\n<li style=\"text-align: left;\"><strong>1989 | <\/strong>\u201cConcurso Clar\u00edn para ilustradores y caricaturistas\u201d &gt; <span style=\"color: #ff0000;\"><strong>Segundo Premio<\/strong><\/span><\/li>\n\n<li style=\"text-align: left;\"><strong>1990 | <\/strong>\u201cBienal de Arte Joven\u201d Ciudad de Buenos Aires &gt; <span style=\"color: #ff0000;\"><strong>Primer Premio<\/strong><\/span><\/li>\n\n<li style=\"text-align: left;\"><strong>2020 |<\/strong> \u201c43\u00ba Sal\u00f3n Anual de Pintura Enrique Jos\u00e9 de Larra\u00f1aga\u201d&gt; <span style=\"color: #ff0000;\"><strong>Menci\u00f3n Especial<\/strong><\/span><\/li>\n\n<li style=\"text-align: left;\"><strong>2022 |<\/strong> \u201c37\u00b0 Sal\u00f3n de Pintura, Colegio de Abogados de Mrcedes\u201d &gt; <span style=\"color: #ff0000;\"><strong>Menci\u00f3n Especial<\/strong><\/span><\/li>\n<\/ul>\n\t\t\t\t\t\t\t\t<\/div>\n\t\t\t\t<\/div>\n\t\t\t\t\t<\/div>\n\t\t<\/div>\n\t\t\t\t\t<\/div>\n\t\t<\/section>\n\t\t\t\t<section class=\"elementor-section elementor-top-section elementor-element elementor-element-4833ca3 elementor-section-boxed elementor-section-height-default elementor-section-height-default\" data-id=\"4833ca3\" data-element_type=\"section\" data-e-type=\"section\">\n\t\t\t\t\t\t<div class=\"elementor-container elementor-column-gap-default\">\n\t\t\t\t\t<div class=\"elementor-column elementor-col-100 elementor-top-column elementor-element elementor-element-349a88a\" data-id=\"349a88a\" data-element_type=\"column\" data-e-type=\"column\">\n\t\t\t<div class=\"elementor-widget-wrap elementor-element-populated\">\n\t\t\t\t\t\t<div class=\"elementor-element elementor-element-17751db elementor-widget elementor-widget-heading\" data-id=\"17751db\" data-element_type=\"widget\" data-e-type=\"widget\" data-widget_type=\"heading.default\">\n\t\t\t\t<div class=\"elementor-widget-container\">\n\t\t\t\t\t<h1 class=\"elementor-heading-title elementor-size-large\">exposiciones<\/h1>\t\t\t\t<\/div>\n\t\t\t\t<\/div>\n\t\t\t\t\t<\/div>\n\t\t<\/div>\n\t\t\t\t\t<\/div>\n\t\t<\/section>\n\t\t\t\t<section class=\"elementor-section elementor-top-section elementor-element elementor-element-fe48e4d elementor-section-boxed elementor-section-height-default elementor-section-height-default\" data-id=\"fe48e4d\" data-element_type=\"section\" data-e-type=\"section\">\n\t\t\t\t\t\t<div class=\"elementor-container elementor-column-gap-default\">\n\t\t\t\t\t<div class=\"elementor-column elementor-col-100 elementor-top-column elementor-element elementor-element-83a40f2\" data-id=\"83a40f2\" data-element_type=\"column\" data-e-type=\"column\">\n\t\t\t<div class=\"elementor-widget-wrap elementor-element-populated\">\n\t\t\t\t\t\t<div class=\"elementor-element elementor-element-ff7b3cd elementor-widget elementor-widget-text-editor\" data-id=\"ff7b3cd\" data-element_type=\"widget\" data-e-type=\"widget\" data-widget_type=\"text-editor.default\">\n\t\t\t\t<div class=\"elementor-widget-container\">\n\t\t\t\t\t\t\t\t\t<ul>\n<li><strong>2023 |<\/strong> \"Ser o no ser\", Teatro Tal\u00eda (Mercedes, BA)<\/li>\n<li><strong>2023 |<\/strong> \u201cDe la figuraci\u00f3n a la abstracci\u00f3n\u201d, Estudio de Arte Cueto (Mercedes, BA.)<\/li>\n<li><strong>2022 |<\/strong> \u201cHumor en Cuadritos\u201d, Estudio de Arte Cueto (Mercedes, BA)<\/li>\n<li><strong>2022 |<\/strong> Sal\u00f3n Anual de Pintura (Mercedes, BA) Seleccionado<\/li>\n<li><strong>2019 |<\/strong> \u201cProcesos Creativos\u201d Dibujos y Pinturas. Museo Municipal de Arte MAMM (Mercedes, BA)<\/li>\n<li><strong>2013 |<\/strong> \u201cPeriodismo sin palabras\u201d, Museo Hist\u00f3rico V\u00edctor Miguez  (Mercedes, BA.)<\/li>\n<li><strong>2013 |<\/strong> &#8220;Let&#8217;s put out the abuse&#8221;. Travelling exhibition that began in the Community of Madrid&nbsp; to commemorate the Day against Gender Violence. It travelled throughout Spain, Portugal and some European capitals.<\/li>\n<li><strong>2010 |<\/strong> \u201cIlustraci\u00f3n Editorial\u201d, ilustraciones de opini\u00f3n en V\u00eda Rivadavia (San Luis)<\/li>\n<li><strong>2009 |<\/strong> &#8220;Graforismos&#8221; Complejo Cultural Ameghino Mar\u00edn (Mercedes, BA.)<\/li>\n<li><strong>2008 |<\/strong> \u201cGraforismos\u201d Galer\u00eda de Arte Caravaggio (CABA)<\/li>\n<li><strong>2007 |<\/strong> Exposici\u00f3n de Pinturas y Objetos \u201cGraforismos\u201d Galer\u00eda de Arte Primer Piso (CABA)<\/li>\n<li><strong>2001 |<\/strong> Bienal de humor Gr\u00e1fico \u201cQuevedos\u201d (Madrid, Espa\u00f1a)<\/li>\n<li><strong>1999 |<\/strong> \u201cEl tercer milenio\u201d Universidad de Alcal\u00e1 de Henares (Madrid, Espa\u00f1a)<\/li>\n<\/ul>\t\t\t\t\t\t\t\t<\/div>\n\t\t\t\t<\/div>\n\t\t\t\t\t<\/div>\n\t\t<\/div>\n\t\t\t\t\t<\/div>\n\t\t<\/section>\n\t\t\t\t<\/div>","protected":false},"excerpt":{"rendered":"<p>ph: karina vola @karinavolar Pablo Blasberg was born in Buenos Aires in 1970. As a teenager he studied painting with Naum Goijman, and drawing with Carlos Garaycochea. At the age of 16 he began to publish his first works as an illustrator, and at 18 he joined the newspaper Clar\u00edn as a cartoonist. For a [&hellip;]<\/p>\n","protected":false},"author":2,"featured_media":0,"parent":12,"menu_order":0,"comment_status":"closed","ping_status":"closed","template":"","meta":{"site-sidebar-layout":"default","site-content-layout":"","ast-site-content-layout":"default","site-content-style":"default","site-sidebar-style":"default","ast-global-header-display":"","ast-banner-title-visibility":"","ast-main-header-display":"","ast-hfb-above-header-display":"","ast-hfb-below-header-display":"","ast-hfb-mobile-header-display":"","site-post-title":"disabled","ast-breadcrumbs-content":"","ast-featured-img":"","footer-sml-layout":"","ast-disable-related-posts":"","theme-transparent-header-meta":"","adv-header-id-meta":"","stick-header-meta":"","header-above-stick-meta":"","header-main-stick-meta":"","header-below-stick-meta":"","astra-migrate-meta-layouts":"default","ast-page-background-enabled":"default","ast-page-background-meta":{"desktop":{"background-color":"var(--ast-global-color-4)","background-image":"","background-repeat":"repeat","background-position":"center center","background-size":"auto","background-attachment":"scroll","background-type":"","background-media":"","overlay-type":"","overlay-color":"","overlay-opacity":"","overlay-gradient":""},"tablet":{"background-color":"","background-image":"","background-repeat":"repeat","background-position":"center center","background-size":"auto","background-attachment":"scroll","background-type":"","background-media":"","overlay-type":"","overlay-color":"","overlay-opacity":"","overlay-gradient":""},"mobile":{"background-color":"","background-image":"","background-repeat":"repeat","background-position":"center center","background-size":"auto","background-attachment":"scroll","background-type":"","background-media":"","overlay-type":"","overlay-color":"","overlay-opacity":"","overlay-gradient":""}},"ast-content-background-meta":{"desktop":{"background-color":"var(--ast-global-color-5)","background-image":"","background-repeat":"repeat","background-position":"center center","background-size":"auto","background-attachment":"scroll","background-type":"","background-media":"","overlay-type":"","overlay-color":"","overlay-opacity":"","overlay-gradient":""},"tablet":{"background-color":"var(--ast-global-color-5)","background-image":"","background-repeat":"repeat","background-position":"center center","background-size":"auto","background-attachment":"scroll","background-type":"","background-media":"","overlay-type":"","overlay-color":"","overlay-opacity":"","overlay-gradient":""},"mobile":{"background-color":"var(--ast-global-color-5)","background-image":"","background-repeat":"repeat","background-position":"center center","background-size":"auto","background-attachment":"scroll","background-type":"","background-media":"","overlay-type":"","overlay-color":"","overlay-opacity":"","overlay-gradient":""}},"_vp_format_video_url":"","_vp_image_focal_point":{"x":0.5,"y":0.5},"footnotes":""},"class_list":["post-356","page","type-page","status-publish","hentry"],"_links":{"self":[{"href":"https:\/\/blasberg.art\/es\/wp-json\/wp\/v2\/pages\/356","targetHints":{"allow":["GET"]}}],"collection":[{"href":"https:\/\/blasberg.art\/es\/wp-json\/wp\/v2\/pages"}],"about":[{"href":"https:\/\/blasberg.art\/es\/wp-json\/wp\/v2\/types\/page"}],"author":[{"embeddable":true,"href":"https:\/\/blasberg.art\/es\/wp-json\/wp\/v2\/users\/2"}],"replies":[{"embeddable":true,"href":"https:\/\/blasberg.art\/es\/wp-json\/wp\/v2\/comments?post=356"}],"version-history":[{"count":85,"href":"https:\/\/blasberg.art\/es\/wp-json\/wp\/v2\/pages\/356\/revisions"}],"predecessor-version":[{"id":550,"href":"https:\/\/blasberg.art\/es\/wp-json\/wp\/v2\/pages\/356\/revisions\/550"}],"up":[{"embeddable":true,"href":"https:\/\/blasberg.art\/es\/wp-json\/wp\/v2\/pages\/12"}],"wp:attachment":[{"href":"https:\/\/blasberg.art\/es\/wp-json\/wp\/v2\/media?parent=356"}],"curies":[{"name":"wp","href":"https:\/\/api.w.org\/{rel}","templated":true}]}}